{"id":9280,"date":"2022-09-26T10:18:10","date_gmt":"2022-09-26T08:18:10","guid":{"rendered":"https:\/\/lipe.si\/brunarice\/?page_id=9280"},"modified":"2022-09-26T10:43:58","modified_gmt":"2022-09-26T08:43:58","slug":"piskotki","status":"publish","type":"page","link":"https:\/\/lipe.si\/brunarice\/piskotki\/","title":{"rendered":"Pi\u0161kotki"},"content":{"rendered":"\t\t<div data-elementor-type=\"wp-page\" data-elementor-id=\"9280\" class=\"elementor elementor-9280\">\n\t\t\t\t\t\t<section class=\"wd-negative-gap elementor-section elementor-top-section elementor-element elementor-element-8255ebf elementor-section-boxed elementor-section-height-default elementor-section-height-default\" data-id=\"8255ebf\" data-element_type=\"section\" data-e-type=\"section\">\n\t\t\t\t\t\t<div class=\"elementor-container elementor-column-gap-default\">\n\t\t\t\t\t<div class=\"elementor-column elementor-col-100 elementor-top-column elementor-element elementor-element-63095e4\" data-id=\"63095e4\" data-element_type=\"column\" data-e-type=\"column\">\n\t\t\t<div class=\"elementor-widget-wrap elementor-element-populated\">\n\t\t\t\t\t\t<div class=\"elementor-element elementor-element-d662688 color-scheme-inherit text-left elementor-widget elementor-widget-text-editor\" data-id=\"d662688\" data-element_type=\"widget\" data-e-type=\"widget\" data-widget_type=\"text-editor.default\">\n\t\t\t\t<div class=\"elementor-widget-container\">\n\t\t\t\t\t\t\t\t\t<h2>Pi\u0161kotki<\/h2>\n<p>Novi spremenjeni Zakon o elektronskih komunikacijah (Ur. L. \u0161t. 109\/2012) \u2013 ZEKom-1. Zakon je za\u010del veljati v za\u010detku leta 2013 in je za sabo prinesel nova pravila glede uporabe pi\u0161kotkov in podobnih tehnologij za shranjevanje informacij ali dostop do informacij, ki so shranjeni na ra\u010dunalniku ali mobilni napravi uporabnika.<\/p>\n<p>Novela zakona uporabo pi\u0161kotkov ne prepoveduje, ampak le zaostruje dolo\u010dena pravila. Gre za pravila pod kak\u0161nimi pogoji in kako je pi\u0161kotke ter podobno tehnologijo dovoljeno uporabljati. Namen zakona je, da se uporabnika spletnih strani s pi\u0161kotki seznani, ter da se mu ponudi izbira, s katero se uporabnik odlo\u010di, ali \u017eeli, da spletna stran na tak na\u010din spreminja njihove aktivnosti na spletu. Za la\u017eje razumevanje zakona vam dajemo odgovore na pogosta vpra\u0161anja:<\/p>\n<p><br><\/p>\n<p><\/p>\n<h3>Kaj so pi\u0161kotki?<\/h3>\n<p>Pi\u0161kotki so male besedilne datoteke, ki jih ve\u010dina spletnih mest shrani v naprave uporabnikov, s katerimi dostopajo do interneta. Njihovo shranjevanje je pod popolnim nadzorom uporabnika, saj lahko v brskalniku, ki ga uporablja, hranjenje pi\u0161kotkov omeji ali onemogo\u010di.<\/p>\n<p><br><\/p>\n<p><\/p>\n<h3>Zakaj jih potrebujemo?<\/h3>\n<p>Pi\u0161kotki so temeljnega pomena za zagotavljanje uporabniku prijaznih spletnih storitev. Najpogostej\u0161e funkcije e-poslovanja (na primer dodajanje izdelkov v ko\u0161arico, pla\u010dilo, vpis naslova za dostavo naro\u010dila) ne bi bile mogo\u010de brez pi\u0161kotkov. Interakcija med spletnim uporabnikom in spletno stranjo je s pomo\u010djo pi\u0161kotkov hitrej\u0161a in enostavnej\u0161a. Z njihovo pomo\u010djo si spletna stran zapomni posameznikove preference in izku\u0161nje, s tem je prihranjen \u010das, brskanje po spletnih straneh pa je tako bolj u\u010dinkovita in prijetna.<\/p>\n<p>Pi\u0161kotke uporablja ve\u010dina spletnih strani, saj omogo\u010dajo priro\u010den na\u010din za ohranjanje sve\u017ee in primerne vsebine, ki je v skladu z interesi in preferencami spletnih uporabnikov. Na podlagi statisti\u010dnih podatkov o obiskanosti spletne strani, ki jih prav tako omogo\u010dajo pi\u0161kotki, lahko upravljavci spletnih mest ocenijo u\u010dinkovitost zasnove svojih spletnih strani, kot tudi ustreznost vrste in \u0161tevila oglasov, ki jih ponujajo uporabnikom na svojih spletnih straneh.<\/p>\n<p><br><\/p>\n<p><\/p>\n<h3>Kak\u0161ne vrste pi\u0161kotkov poznamo?<\/h3>\n<p>Obstajajo \u0161tiri glavne vrste pi\u0161kotkov:<\/p>\n<ul>\n<li>Nujno potrebni pi\u0161kotki:&nbsp;Ti pi\u0161kotki so klju\u010dnega pomena, saj omogo\u010dajo premikanje po spletni strani in uporabo funkcij spletne strani ali za nudenje storitev, ki ste jih zahtevali.&nbsp;<em>Npr., da se shranijo izdelki, ki ste jih dodali v spletno ko\u0161arico.<\/em>&nbsp;Za uporabo teh pi\u0161kotkov ne potrebujemo va\u0161ega dovoljenja.<\/li>\n<li>Funkcionalni pi\u0161kotki:&nbsp;Ti pi\u0161kotki omogo\u010dajo, da si spletna stran zapomni va\u0161e izbire (kot so va\u0161e uporabni\u0161ko ime, jezik ali regija, v kateri se nahajate) in vam nudi izbolj\u0161ane in bolj osebne funkcije.&nbsp;<em>Npr., stran vam lahko nudi lokalne vremenske napovedi ali prometne novice z uporabo pi\u0161kotka, da shrani informacije o regiji, v kateri se trenutno nahajate, si zapomni va\u0161e spremembe velikosti besedila, pisave in ostalih delov spletne strani, ki so prilagodljive in vam nudijo zahtevane storitve, kot so ogled videa ali komentar na blogu.<\/em>&nbsp;Informacije, ki jih zberejo ti pi\u0161kotki, so lahko anonimizirane in ti pi\u0161kotki ne morejo slediti va\u0161i aktivnosti v brskalniku na drugih spletnih straneh.<\/li>\n<li>Izvedbeni pi\u0161kotki:&nbsp;Ti pi\u0161kotki zbirajo informacije o tem, kako uporabljate spletno stran.&nbsp;<em>Npr., katere strani obiskujete najpogosteje, ter \u010de prejmete od njih sporo\u010dilo o napaki.<\/em>&nbsp;Ti pi\u0161kotki ne zbirajo informacij, ki vas identificirajo. Vse informacije, ki jih zberejo ti pi\u0161kotki, so zdru\u017eene in zato anonimne. Te informacije se uporabljajo le za izbolj\u0161anje delovanja spletne strani.<\/li>\n<li>Ciljni pi\u0161kotki ali ogla\u0161evalni pi\u0161kotki tretjih oseb:&nbsp;Ti pi\u0161kotki se uporabljajo za dostavo oglasov, ki so bolj pomembni za vas in va\u0161e interese. Uporabljajo se tudi za omejevanje \u0161tevila prikazov posameznega oglasa kot tudi za pomo\u010d pri merjenju u\u010dinkovitosti ogla\u0161evalske kampanje. Obi\u010dajno jih namestijo ogla\u0161evalske mre\u017ee z dovoljenjem upravljavca spletne strani. Zapomnijo si, da ste obiskali spletno stran in ta informacija je posredovana ostalim organizacijam, kot so ogla\u0161evalci. Ciljni ali ogla\u0161evalni pi\u0161kotki so lahko pogosto povezani s funkcionalnostjo spletne strani, ki jo omogo\u010da druga organizacija. Za ve\u010d informacij o ogla\u0161evalskih pi\u0161kotkih in zasebnosti na spletu si oglejte vodnik, ki ga je ustvarila panoga za ogla\u0161evanje na internetu in je na voljo na strani&nbsp;<a href=\"http:\/\/www.youronlinechoices.com\/\" target=\"_blank\" rel=\"noopener noreferrer\">www.youronlinechoices.com<\/a>.<\/li>\n<li><br><\/li>\n<\/ul>\n<h3>&nbsp; Katere pi\u0161kotke uporablja spletno mesto lipe.si\/brunarice?<\/h3>\n<ul>\n<li>cookielawinfo-checkbox-necessary: Pi\u0161kotek za vodenje uporabnikove odlo\u010ditve o uporabi pi\u0161kotkov. \u010cas hrambe je 1 leto.<\/li>\n<li>cookielawinfo-checkbox-performance: Pi\u0161kotek za vodenje uporabnikove odlo\u010ditve o uporabi pi\u0161kotkov. \u010cas hrambe je 1 leto.<\/li>\n<li>cookielawinfo-checkbox-analytics: Pi\u0161kotek za vodenje uporabnikove odlo\u010ditve o uporabi pi\u0161kotkov. \u010cas hrambe je 1 leto.<\/li>\n<li>cookielawinfo-checkbox-advertisement: Pi\u0161kotek za vodenje uporabnikove odlo\u010ditve o uporabi pi\u0161kotkov. \u010cas hrambe je 1 leto.<\/li>\n<li>cookielawinfo-checkbox-functional: Pi\u0161kotek za vodenje uporabnikove odlo\u010ditve o uporabi pi\u0161kotkov. \u010cas hrambe je 1 leto.<\/li>\n<li>cookielawinfo-checkbox-others: Pi\u0161kotek za vodenje uporabnikove odlo\u010ditve o uporabi pi\u0161kotkov. \u010cas hrambe je 1 leto.<\/li>\n<li>_ga: Pi\u0161kotek za spremljanje statistike ogledov spletne stran. \u010cas hrambe je 2 leti.<\/li>\n<li><strong>_ga_<\/strong><b>L5FR29MY0E<\/b>: Pi\u0161kotek za spremljanje statistike ogledov spletne stran. \u010cas hrambe je 2 leti.<\/li>\n<\/ul>\n<div><br><\/div>\n<h3>&nbsp;Kako onemogo\u010dimo pi\u0161kotke?<\/h3>\n<p>Uporabniki se lahko samostojno odlo\u010dite,&nbsp;ali \u017eelite omogo\u010diti uporabo pi\u0161kotkov. Nastavitve za pi\u0161kotke lahko nadzirate in spreminjate v&nbsp;svojem spletnem brskalniku. Informacije o nastavitvah za pi\u0161kotke (za razli\u010dne spletne brskalnike) so na voljo na spodnjih povezavah:<\/p>\n<ul>\n<li aria-level=\"1\"><a href=\"https:\/\/support.google.com\/chrome\/answer\/95647?co=GENIE.Platform%3DDesktop&amp;hl=sls\" target=\"_blank\" rel=\"noopener\">Chrome<\/a><\/li>\n<li aria-level=\"1\"><a href=\"https:\/\/support.mozilla.org\/sl\/kb\/izbrisite-piskotke-podatke-strani\" target=\"_blank\" rel=\"noopener\">Firefox<\/a><\/li>\n<li aria-level=\"1\"><a href=\"https:\/\/support.microsoft.com\/sl-si\/topic\/brisanje-in-upravljanje-pi%C5%A1kotkov-168dab11-0753-043d-7c16-ede5947fc64d\" target=\"_blank\" rel=\"noopener\">Internet Explorer \/ Edge<\/a><\/li>\n<li aria-level=\"1\"><a href=\"http:\/\/www.opera.com\/help\/tutorials\/security\/cookies\/\" target=\"_blank\" rel=\"noopener\">Opera<\/a><\/li>\n<li aria-level=\"1\"><a href=\"https:\/\/support.apple.com\/sl-si\/guide\/safari\/sfri11471\/mac\" target=\"_blank\" rel=\"noopener\">Safari<\/a><\/li>\n<\/ul>\n<p>\u010ce pi\u0161kotke izklju\u010dite, bodo nekatere mo\u017enosti spletne strani onemogo\u010dene.<\/p>\n<p><br><\/p>\n<p><\/p>\n<p>S spletnim mestom&nbsp;<a href=\"https:\/\/lipe.si\/brunarice\/\">https:\/\/lipe.si\/brunarice\/<\/a>&nbsp;upravlja podjetje Petra Hriber\u0161ek s.p.<\/p>\n<p>Petra Hriber\u0161ek s.p.<\/p>\n<p>\u0160o\u0161tanj, september 2022<\/p>\t\t\t\t\t\t\t\t<\/div>\n\t\t\t\t<\/div>\n\t\t\t\t\t<\/div>\n\t\t<\/div>\n\t\t\t\t\t<\/div>\n\t\t<\/section>\n\t\t\t\t<\/div>\n\t\t","protected":false},"excerpt":{"rendered":"<p>Pi\u0161kotki Novi spremenjeni Zakon o elektronskih komunikacijah (Ur. L. \u0161t. 109\/2012) \u2013 ZEKom-1. Zakon je za\u010del veljati v za\u010detku leta<\/p>\n","protected":false},"author":1,"featured_media":0,"parent":0,"menu_order":0,"comment_status":"closed","ping_status":"closed","template":"","meta":{"footnotes":""},"class_list":["post-9280","page","type-page","status-publish","hentry"],"_links":{"self":[{"href":"https:\/\/lipe.si\/brunarice\/wp-json\/wp\/v2\/pages\/9280","targetHints":{"allow":["GET"]}}],"collection":[{"href":"https:\/\/lipe.si\/brunarice\/wp-json\/wp\/v2\/pages"}],"about":[{"href":"https:\/\/lipe.si\/brunarice\/wp-json\/wp\/v2\/types\/page"}],"author":[{"embeddable":true,"href":"https:\/\/lipe.si\/brunarice\/wp-json\/wp\/v2\/users\/1"}],"replies":[{"embeddable":true,"href":"https:\/\/lipe.si\/brunarice\/wp-json\/wp\/v2\/comments?post=9280"}],"version-history":[{"count":15,"href":"https:\/\/lipe.si\/brunarice\/wp-json\/wp\/v2\/pages\/9280\/revisions"}],"predecessor-version":[{"id":9310,"href":"https:\/\/lipe.si\/brunarice\/wp-json\/wp\/v2\/pages\/9280\/revisions\/9310"}],"wp:attachment":[{"href":"https:\/\/lipe.si\/brunarice\/wp-json\/wp\/v2\/media?parent=9280"}],"curies":[{"name":"wp","href":"https:\/\/api.w.org\/{rel}","templated":true}]}}