{"id":9285,"date":"2022-09-26T10:20:29","date_gmt":"2022-09-26T08:20:29","guid":{"rendered":"https:\/\/lipe.si\/brunarice\/?page_id=9285"},"modified":"2022-09-26T10:31:46","modified_gmt":"2022-09-26T08:31:46","slug":"politika-zasebnosti","status":"publish","type":"page","link":"https:\/\/lipe.si\/brunarice\/politika-zasebnosti\/","title":{"rendered":"Politika zasebnosti"},"content":{"rendered":"\t\t<div data-elementor-type=\"wp-page\" data-elementor-id=\"9285\" class=\"elementor elementor-9285\">\n\t\t\t\t\t\t<section class=\"wd-negative-gap elementor-section elementor-top-section elementor-element elementor-element-1c6dfba elementor-section-boxed elementor-section-height-default elementor-section-height-default\" data-id=\"1c6dfba\" data-element_type=\"section\" data-e-type=\"section\">\n\t\t\t\t\t\t<div class=\"elementor-container elementor-column-gap-default\">\n\t\t\t\t\t<div class=\"elementor-column elementor-col-100 elementor-top-column elementor-element elementor-element-0f0f3e3\" data-id=\"0f0f3e3\" data-element_type=\"column\" data-e-type=\"column\">\n\t\t\t<div class=\"elementor-widget-wrap elementor-element-populated\">\n\t\t\t\t\t\t<div class=\"elementor-element elementor-element-3ad7366 color-scheme-inherit text-left elementor-widget elementor-widget-text-editor\" data-id=\"3ad7366\" data-element_type=\"widget\" data-e-type=\"widget\" data-widget_type=\"text-editor.default\">\n\t\t\t\t<div class=\"elementor-widget-container\">\n\t\t\t\t\t\t\t\t\t<h4>1. O Politiki zasebnosti<\/h4>\n<p>Namen Politke zasebnosti je seznanitev uporabnikov storitev podjetja Petra Hriber\u0161ek s.p. z nameni in podlago obdelave osebnih podatkov s strani dru\u017ebe Petra Hriber\u0161ek s.p., Ravne 33c, 3325 \u0160o\u0161tanj ter pravicami posameznikov na tem podro\u010dju.<\/p>\n<p>Podjetje nudi posebno skrb varnosti va\u0161ih osebnih podatkov. Vsi posredovani osebni podatki so obravnavani zaupno in so uporabljeni le za namen, zaradi katerega so bili posredovani. Z va\u0161imi osebnimi podatki upravljamo z najve\u010djo skrbnostjo, upo\u0161tevajo\u010d veljavno zakonodajo in najvi\u0161je standarde njihove obravnave. Za varnost va\u0161ih osebnih podatkov med drugim skrbimo z ustreznimi organizacijskimi ukrepi, postopki dela in naprednimi tehnolo\u0161kimi re\u0161itvami ter zunanjimi strokovnjaki z namenom \u010dim bolj u\u010dinkovite za\u0161\u010dite va\u0161ih osebnih podatkov. Pri tem uporabljamo ustrezno stopnjo za\u0161\u010dite in razumne fizi\u010dne, elektronske in administrativne ukrepe, s katerimi zbrane podatke varujemo pred nenamernim ali nezakonskim uni\u010denjem, izgubo, spreminjanjem, nepoobla\u0161\u010denim razkritjem osebnih podatkov ali pred nepoobla\u0161\u010denim dostopom do osebnih podatkov, ki so bili preneseni, shranjeni ali druga\u010de obdelani.<\/p>\n<p>Hkrati ta Politka zasebnosti dodatno pojasnjuje soglasje, ki ste ga podali za obdelavo va\u0161ih osebnih podatkov.<\/p>\n<p>V Politiki zasebnosti so skladno z Uredbo (EU) 2016\/679 Evropskega parlamenta in Sveta z dne 27. aprila 2016 o varstvu posameznikov pri obdelavi osebnih podatkov in o prostem pretoku takih podatkov ter o razveljavitvi Direktive 95\/46\/ES (v nadaljevanju:&nbsp;<strong>\u201c<\/strong>Splo\u0161na uredba o varstvu podatkov\u201d), zajete naslednje informacije:<\/p>\n<ul>\n<li>kontaktne informacije podjetja,<\/li>\n<li>namene, podlage in vrste obdelave razli\u010dnih vrst osebnih podatkov posameznikov,<\/li>\n<li>\u010das hrambe posameznih vrst osebnih podatkov,<\/li>\n<li>pravice posameznikov v zvezi z obdelavo osebnih podatkov,<\/li>\n<li>pravica do vlo\u017eitve prito\u017ebe v zvezi z obdelavo osebnih podatkov,<\/li>\n<li>veljavnost Pravilnika o zasebnosti.<\/li>\n<\/ul><div><br><\/div>\n<h4>2. Osebni podatki, ki jih zbira podjetje<\/h4>\n<p>\u010ce ste le obiskovalec spletne strani, o vas zbiramo podatke le z uporabo pi\u0161kotkov. \u010ce ste uporabnik storitev ali naro\u010dnik storitev, ki jih nudi podjetje, o vas zbiramo tudi druge osebne podatke, ki jih potrebujemo za izvajanje storitev, ki ste jih naro\u010dili oz. ki jih uporabljate. Ti osebni podatki so:<\/p>\n<ul>\n<li>E-mail naslov za odgovarjanje na va\u0161a e-mail sporo\u010dila,<\/li>\n<li>E-mail naslov za po\u0161iljanje ponudb in e-novic;<\/li>\n<li>Ime in priimek, naslov e-po\u0161tni naslov za sprejemanje rezervacij, povpra\u0161evanj in po\u0161iljanje ponudb ali v zvezi z izpolnitvijo drugih va\u0161ih zahtev;<\/li>\n<li>Ime in priimek, naslov in e-po\u0161tni naslov za nakup izdelkov in storitev v zvezi z na\u0161o ponudbo;<\/li>\n<li>Podatke o pla\u010dilnih sredstvih in kopije osebnih dokumentov za izvedbo storitev;<\/li>\n<li>E-po\u0161tni naslov za avtomatiziran marketing (potrjevanje rezervacij, zahvale za prijave in podobno);<\/li>\n<li>Pi\u0161kotki za delovanje spletne strani;<\/li>\n<li>Komuniciranje preko socialnih skupin z osebnimi profili, ki potrdijo povezavo z nami;<\/li>\n<li>Ime in priimek, naslov, e-po\u0161tni naslov za ob\u010dasne nagradne igre ali druge promocijske akcije z va\u0161im predhodnim dovoljenjem;<\/li>\n<li>Agregirane podatke iz Google Analytics za sledenje obiska in interno analitiko, s katero bomo izbolj\u0161evali vsebine.<\/li>\n<\/ul><div><br><\/div>\n<h4>3. Nameni obdelave in podlage za obdelavo podatkov<\/h4>\n<p><strong>3.1. Obdelava na podlagi pogodbe:<\/strong><\/p>\n<p>V okviru izvr\u0161evanja pogodbenih pravic in izpolnjevanja pogodbenih obveznosti podjetja obdeluje va\u0161e osebne podatke za naslednje namene: identifikacijo posameznika, pripravo ponudbe, sklenitev pogodbe, za zagotovitev naro\u010denih storitev, obve\u0161\u010danje o morebitnih spremembah, dodatnih podrobnostih in navodilih za uporabo storitev, za re\u0161evanje morebitnih tehni\u010dnih te\u017eav, ugovorov ali reklamacij, obra\u010dunavanje storitev ter za druge namene, potrebne za izvajanje ali sklepanje pogodbenega razmerja med podjetjem in posameznikom.<\/p>\n<p>Pri obra\u010dunavanju storitev, na podlagi dav\u010dnih predpisov, pridobimo in obdelujemo za pravilno izdajo ra\u010duna \u0161e va\u0161 naslov.<\/p>\n<p><strong>3.2. Obdelava na podlagi zakona:<\/strong><\/p>\n<p>Na podlagi zakonitega interesa uporabljamo va\u0161e osebne podatke za odkrivanje in prepre\u010devanje goljufive uporabe in zlorabe storitev, nadalje v okviru zagotavljanja stabilnega in varnega delovanja na\u0161ega sistema in storitev, pa tudi za namene izvajanja ukrepov informacijske varnosti, izpolnjevanja zahtev v zvezi s kakovostjo storitev ter odkrivanje tehni\u010dnih okvar sistemov in storitev.<\/p>\n<p>Na podlagi zakonitega interesa uporabljamo va\u0161e osebne podatke tudi za namene morebitnih izvr\u0161b, sodne in izvensodne izterjave.<\/p>\n<p>V skladu s Splo\u0161no uredbo lahko podjetje &nbsp;v primeru suma zlorab v primernem in sorazmernem obsegu obdeluje podatke o posameznikih za namen identifikacije in prepre\u010devanja morebitnih prevar ali zlorab ter lahko, \u010de je to primerno, te podatke posreduje tudi drugim ponudnikom tovrstnih storitev, poslovnim partnerjem, policiji, dr\u017eavnemu to\u017eilstvu ali drugim pristojnim organom. Za namen prepre\u010ditve prihodnjih zlorab oziroma prevar se podatki o zgodovini ugotovljenih zlorab oziroma prevar v povezavi s posameznikom, kamor sodijo podatki o naro\u010dni\u0161kem razmerju ter na primer IP naslov, lahko hranijo \u0161e pet let po prenehanju poslovnega razmerja.<\/p>\n<p><strong>3.3. Obdelava na podlagi soglasja za obdelavo osebnih podatkov<\/strong><\/p>\n<p>Obdelava podatkov lahko temelji tudi na va\u0161em soglasju, ki ste ga posredovali podjetju.<\/p>\n<p>Soglasje se lahko na primer nana\u0161a na obve\u0161\u010danje o ponudbah, ugodnostih in izbolj\u0161avah storitev, ki jih nudi podjetje. Namen tak\u0161nega obve\u0161\u010danja je, da se storitve \u010dim bolj pribli\u017eajo va\u0161im potrebam in \u017eeljam in da jim s tem pove\u010damo uporabno vrednost za vas. Obve\u0161\u010danje se izvaja prek kanalov, ki ste jih je v soglasju izbrali. Obve\u0161\u010danje lahko kadarkoli prekli\u010dete, in sicer na na\u010din kot ga opredeljuje Pravilnik o zasebnosti.<\/p>\n<p>Svoje soglasje lahko kadarkoli umaknete oziroma spremenite na enak na\u010din, kot ste ga dali ali na drug na\u010din, kot ga opredeljuje Pravilnik o zasebnosti, pri \u010demer si podjetje pridr\u017euje pravico do identifikacije stranke. Spremembo soglasja je med drugim mogo\u010de urediti tudi preko elektronskega sporo\u010dila na naslov brunarice@lipe.si ali s pisno zahtevo posredovano na naslov sede\u017ea podjetja.<\/p>\n<p>Umik oziroma sprememba soglasja se nana\u0161a le na podatke, ki se obdelujejo na podlagi va\u0161ega soglasja. Veljavno je va\u0161e zadnje podano soglasje, ki smo ga prejeli. &nbsp;Mo\u017enost preklica soglasja ne predstavlja odstopnega upravi\u010denja v poslovnem razmerju posameznika s podjetjem.<\/p>\n<p>Podatki, za katere je dana va\u0161a privolitev, se v odsotnosti preklica obdelujejo do dve leti po prenehanju poslovnega razmerja s podjetjem.<\/p><p><br><\/p>\n<p><\/p>\n<h4>4. Pravice posameznikov v zvezi z obdelovanjem osebnih podatkov<\/h4>\n<p>Uresni\u010devanje va\u0161ih pravic v zvezi z obdelovanjem va\u0161ih osebnih podatkov vam zagotavljamo brez nepotrebnega odla\u0161anja. O va\u0161i zahtevi bomo odlo\u010dili v enem mesecu po prejemu va\u0161e zahteve. V primeru kompleksnosti in ve\u010djega \u0161tevila zahtev lahko rok podalj\u0161amo za najve\u010d dva dodatna meseca. \u010ce podalj\u0161amo rok, vas o vsakem takem podalj\u0161anju obvestimo v enem mesecu od prejema zahtevka skupaj z razlogi za zamudo.<\/p>\n<p>Zahteve v zvezi z uresni\u010devanjem va\u0161ih pravic sprejemamo na elektronski naslov brunarice@lipe.si ali po po\u0161ti na naslov Petra Hriber\u0161ek s.p., Ravne 33c, 3325 \u0160o\u0161tanj.<\/p>\n<p>Kadar zahtevo predlo\u017eite z elektronskimi sredstvi, vam informacije, kadar je mogo\u010de, zagotovimo z elektronskimi sredstvi, razen \u010de ne zahtevate druga\u010de.<\/p>\n<p>Kadar obstaja upravi\u010den dvom v zvezi z identiteto posameznika, ki predlo\u017ei zahtevo v zvezi s kak\u0161no od njegovih pravic, lahko zahtevamo zagotovitev dodatnih informacij, ki so potrebne za potrditev identitete posameznika, na katerega se nana\u0161ajo osebni podatki.<\/p>\n<p>\u010ce so zahteve posameznika, na katerega se nana\u0161ajo osebni podatki, o\u010ditno neutemeljene ali pretirane, zlasti ker se ponavljajo, lahko podjetje:<\/p>\n<p>\u2013&nbsp;&nbsp;&nbsp;&nbsp;&nbsp;&nbsp; zara\u010duna razumno pristojbino, pri \u010demer upo\u0161teva administrativne stro\u0161ke posredovanja informacij ali sporo\u010dila ali izvajanja zahtevanega ukrepa, ali<\/p>\n<p>\u2013&nbsp;&nbsp;&nbsp;&nbsp;&nbsp;&nbsp; zavrne ukrepanje v zvezi z zahtevo.<\/p>\n<p>Omogo\u010damo vam naslednje pravice v zvezi z obdelovanjem va\u0161ih osebnih podatkov:<\/p>\n<p><strong>Pravica do dostopa do podatkov:&nbsp;<\/strong>Vedno imate pravico do seznanitve, ali se v zvezi z vami obdelujejo osebni podatki in \u010de se, dostop do osebnih podatkov in naslednje informacije:<\/p>\n<ul>\n<li>namene obdelave,<\/li>\n<li>vrste osebnih podatkov, ki se obdelujejo,<\/li>\n<li>uporabnike ali kategorije uporabnikov, ki so jim bili ali jim bodo razkriti osebni podatki,<\/li>\n<li>predvideno obdobje hrambe osebnih podatkov ali, \u010de to ni mogo\u010de, merila, ki se uporabijo za dolo\u010ditev tega obdobja,<\/li>\n<li>obstoja pravice, da se lahko od upravljavca zahteva popravek ali izbris osebnih podatkov ali omejitev obdelave va\u0161ih osebnih podatkov, ali obstoj pravice do ugovora taki obdelavi,<\/li>\n<li>pravice do vlo\u017eitve prito\u017ebe pri nadzornem organu,<\/li>\n<li>kadar osebni podatki niso zbrani od vas, vse razpolo\u017eljive informacije v zvezi z njihovim virom.<\/li>\n<\/ul>\n<p><strong>Pravica do popravka:&nbsp;<\/strong>Pravico imate dose\u010di, da brez nepotrebnega odla\u0161anja popravimo neto\u010dne osebne podatke v zvezi vami ter ob upo\u0161tevanju namenov obdelave, pravico do dopolnitve nepopolnih osebnih podatkov, vklju\u010dno s predlo\u017eitvijo dopolnilne izjave.<\/p>\n<p><strong>Pravica do izbrisa (\u00bbpravica do pozabe\u00ab):&nbsp;<\/strong>Pravico imate dose\u010di, da brez nepotrebnega odla\u0161anja va\u0161e osebne podatke izbri\u0161emo, kadar velja eden od naslednjih razlogov:<\/p>\n<ul>\n<li>kadar osebni podatki niso ve\u010d potrebni za namene, za katere so bili zbrani ali kako druga\u010de obdelani,<\/li>\n<li>kadar prekli\u010dete privolitev, na podlagi katere poteka obdelava, pa za obdelavo ne obstaja nobena druga pravna podlaga,<\/li>\n<li>kadar ugovarjate obdelavi podatkov, za njihovo obdelavo pa ne obstajajo nobeni prevladujo\u010di zakoniti razlogi,<\/li>\n<li>kadar so bili osebni podatki obdelani nezakonito,<\/li>\n<li>kadar je osebne podatke treba izbrisati za izpolnitev pravne obveznosti v skladu s pravom EU ali slovenskim pravnim redom.<\/li>\n<\/ul>\n<p><strong>Pravica do omejitve obdelave:&nbsp;<\/strong>Pravico imate dose\u010di, da omejimo obdelavo va\u0161ih osebnih podatkov, kadar velja eden od naslednjih primerov:<\/p>\n<ul>\n<li>kadar oporekate to\u010dnosti podatkov, in sicer za obdobje, ki nam omogo\u010da preveriti to\u010dnost osebnih podatkov,<\/li>\n<li>je obdelava nezakonita, vi pa nasprotuje izbrisu osebnih podatkov ter namesto tega zahtevate omejitev njihove uporabe,<\/li>\n<li>va\u0161ih osebnih podatkov ne potrebujemo ve\u010d za namene obdelave, temve\u010d jih vi potrebujete za uveljavljanje, izvajanje ali obrambo pravnih zahtevkov,<\/li>\n<li>\u010de ste vlo\u017eili ugovor v zvezi z obdelavo, ki temelji na zakonitih interesih podjetja, dokler se ne preveri, ali na\u0161i zakoniti razlogi prevladajo nad va\u0161imi razlogi.<\/li>\n<\/ul>\n<p>Kadar je bila obdelava va\u0161ih osebnih podatkov omejena v skladu s prej\u0161njim odstavkom, se taki osebni podatki z izjemo njihovega shranjevanja obdelujejo le z va\u0161o privolitvijo, ali za uveljavljanje, izvajanje ali obrambo pravnih zahtevkov ali zaradi varstva pravic druge fizi\u010dne ali pravne osebe.<\/p>\n<p>Pred preklicem omejitve obdelave va\u0161ih osebnih podatkov smo vas o tem dol\u017eni obvestiti.<\/p>\n<p><strong>Pravica do prenosljivosti podatkov:&nbsp;<\/strong>Pravico imate, da prejmete va\u0161e osebne podatke, ki ste nam jih posredovali, v strukturirani, splo\u0161no uporabljani in strojno berljivi obliki, in pravico, da te podatke posredujete drugemu upravljavcu, ne da bi vas podjetje pri tem ovirala, kadar obdelava temelji na va\u0161i privolitvi in se obdelava izvaja z avtomatiziranimi sredstvi. Na va\u0161o zahtevo, kadar je to tehni\u010dno izvedljivo, se lahko osebni podatki neposredno prenesejo k drugemu upravljavcu.<\/p>\n<p><strong>Pravica do ugovora:&nbsp;<\/strong>Kadar va\u0161e podatke obdelujemo na podlagi zakonitega interesa za namene tr\u017eenja, lahko taki obdelavi kadar koli ugovarjate.<\/p>\n<p>Va\u0161e osebne podatke prenehamo obdelovati, razen \u010de doka\u017eemo nujne razloge za obdelavo, ki prevladajo nad va\u0161imi interesi, pravicami in svobo\u0161\u010dinami, ali za uveljavljanje, izvajanje ali obrambo pravnih zahtevkov.<\/p>\n<p><strong>Pravica do vlo\u017eitve prito\u017ebe v zvezi z obdelovanjem osebnih podatkov:&nbsp;<\/strong>Morebitno prito\u017ebo, v zvezi z obdelovanjem va\u0161ih osebnih podatkov, lahko po\u0161lje na elektronski naslov brunarice@lipe.si ali po po\u0161ti na naslov Petra Hriber\u0161ek s.p., Ravne 33c, 3325 \u0160o\u0161tanj<\/p>\n<p>V primeru, da o va\u0161i zahtevi ne odlo\u010dimo v zakonskem roku ali va\u0161o zahtevo zavrnemo imate mo\u017enost vlo\u017eitve prito\u017ebe pri Informacijskem poobla\u0161\u010dencu.<\/p>\n<p>Prav tako imate pravico, da vlo\u017eite prito\u017ebo neposredno pri Informacijskem poobla\u0161\u010dencu, \u010de menite, da obdelava va\u0161ih osebnih podatkov kr\u0161i slovenske predpise ali predpise EU na podro\u010dju varstva osebnih podatkov.<\/p>\n<p>\u010ce ste uveljavljali pravico do dostopa do podatkov in po prejeti odlo\u010ditvi menite, da osebni podatki, ki ste jih prejeli, niso osebni podatki, ki ste jih zahtevali, ali da niste prejeli vseh zahtevanih osebnih podatkov, lahko pred vlo\u017eitvijo prito\u017ebe Informacijskemu poobla\u0161\u010dencu vlo\u017eite obrazlo\u017eeno prito\u017ebo pri podjetju v roku 15 dni. O va\u0161i prito\u017ebi moramo odlo\u010diti kot o novi zahtevi v petih delovnih dneh.<\/p><p><br><\/p>\n<p><\/p>\n<h4><strong>5. Spremembe Politike zasebnosti<\/strong><\/h4>\n<p>Upravljavec si pridru\u017euje pravico, da Politiko zasebnosti po potrebi ob\u010dasno prilagodi. Iz tega razloga vas prosimo, da pred vsakim posredovanjem osebnih podatkov preverite aktualno razli\u010dico, da boste seznanjeni z morebitnimi spremembami in dopolnitvami. Prav tako vas bomo o morebitnih spremembah, ki bistveno vplivajo na obdelavo va\u0161ih osebnih podatkov, predhodno obvestili na primeren na\u010din (npr. z obvestilom na na\u0161i spletni strani, po elektronski po\u0161ti). Datum zadnje Politike zasebnosti je zapisan v dokumentu.<\/p>\n<p>S spletnim mestom www.lipe.si\/brunarice upravlja Petra Hriber\u0161ek s.p.<\/p>\n<p>Petra Hriber\u0161ek s.p.<\/p>\n<p>\u0160o\u0161tanj, september 2022<\/p>\t\t\t\t\t\t\t\t<\/div>\n\t\t\t\t<\/div>\n\t\t\t\t\t<\/div>\n\t\t<\/div>\n\t\t\t\t\t<\/div>\n\t\t<\/section>\n\t\t\t\t<\/div>\n\t\t","protected":false},"excerpt":{"rendered":"<p>1. O Politiki zasebnosti Namen Politke zasebnosti je seznanitev uporabnikov storitev podjetja Petra Hriber\u0161ek s.p. z nameni in podlago obdelave<\/p>\n","protected":false},"author":1,"featured_media":0,"parent":0,"menu_order":0,"comment_status":"closed","ping_status":"closed","template":"","meta":{"footnotes":""},"class_list":["post-9285","page","type-page","status-publish","hentry"],"_links":{"self":[{"href":"https:\/\/lipe.si\/brunarice\/wp-json\/wp\/v2\/pages\/9285","targetHints":{"allow":["GET"]}}],"collection":[{"href":"https:\/\/lipe.si\/brunarice\/wp-json\/wp\/v2\/pages"}],"about":[{"href":"https:\/\/lipe.si\/brunarice\/wp-json\/wp\/v2\/types\/page"}],"author":[{"embeddable":true,"href":"https:\/\/lipe.si\/brunarice\/wp-json\/wp\/v2\/users\/1"}],"replies":[{"embeddable":true,"href":"https:\/\/lipe.si\/brunarice\/wp-json\/wp\/v2\/comments?post=9285"}],"version-history":[{"count":12,"href":"https:\/\/lipe.si\/brunarice\/wp-json\/wp\/v2\/pages\/9285\/revisions"}],"predecessor-version":[{"id":9306,"href":"https:\/\/lipe.si\/brunarice\/wp-json\/wp\/v2\/pages\/9285\/revisions\/9306"}],"wp:attachment":[{"href":"https:\/\/lipe.si\/brunarice\/wp-json\/wp\/v2\/media?parent=9285"}],"curies":[{"name":"wp","href":"https:\/\/api.w.org\/{rel}","templated":true}]}}