{"id":330,"date":"2020-10-17T10:01:06","date_gmt":"2020-10-17T10:01:06","guid":{"rendered":"https:\/\/lipe.si\/trgovina\/?post_type=product&#038;p=330"},"modified":"2021-11-03T09:20:36","modified_gmt":"2021-11-03T09:20:36","slug":"konopljino-olje-250ml","status":"publish","type":"product","link":"https:\/\/lipe.si\/trgovina\/product\/konopljino-olje-250ml\/","title":{"rendered":"Konopljino olje (250ml)"},"content":{"rendered":"<p class=\"p1\"><span class=\"s1\">Zdravilni u\u010dinki konopljinega olja:<\/span><\/p>\n<ul class=\"ul1\">\n<li class=\"li1\"><span class=\"s1\">Krepi imunski sistem;<\/span><\/li>\n<li class=\"li1\"><span class=\"s1\">Zni\u017euje tveganje za nastanek sr\u010dno-\u017eilnih bolezni;<\/span><\/li>\n<li class=\"li1\"><span class=\"s1\">Ohranja elasti\u010dno ko\u017eo;<\/span><\/li>\n<li class=\"li1\"><span class=\"s1\">Pomaga pri bole\u010dinah v sklepih;<\/span><\/li>\n<li class=\"li1\"><span class=\"s1\">Laj\u0161a predmenstrualni sindrom;<\/span><\/li>\n<\/ul>\n<p class=\"p1\"><span class=\"s1\">Ena \u017elica konopljinega olja na dan zadosti dnevni \u010dlovekovi potrebi po esencialnih ma\u0161\u010dobnih kislinah, ki skrbijo <b>za zdravo srce in o\u017eilje<\/b>.<\/span><\/p>\n<p class=\"p1\"><span class=\"s1\">Hladno stiskano konoplino olje je primerno predvsem <b>za pripravo hlanih jedi<\/b>, kot so solate in smutiji, saj s segrevanjem izgublja zdravilne u\u010dinkovine.<\/span><\/p>\n<p class=\"p1\"><span class=\"s1\"><b>Pri bole\u010dinah v sklepih<\/b> si lahko pripravimo obkladke, ki jih polagamo na obolela mesta in s tem zmanj\u0161amo napetost.<\/span><\/p>\n<p class=\"p1\"><span class=\"s1\">Distribucijo EKO proizvodov nadzira SI-EKO-002. Kmetijstvo EU.<\/span><\/p>\n<p class=\"p3\"><span class=\"s1\">Sestavine: Hladno stiskano konopljino olje<br \/>\n<\/span><span class=\"s1\">Neto koli\u010dina: 250 ml<br \/>\n<\/span><span class=\"s1\">Poreklo: Slovensko<\/span><\/p>\n","protected":false},"excerpt":{"rendered":"<p class=\"p1\"><span class=\"s1\">Konoplja izvira iz Azije. Sprva so jo gojili zaradi kvalitetnih vlaken iz katerih so izdelovali <b>vrvi in tkanine<\/b>, kasneje pa so semena pri\u010deli uporabljati <b>v prehrani<\/b>. Zaradi svojih zdravilnih u\u010dinkovin je \u017ee od nekdaj <b>cenjena tudi v medicini<\/b>.<\/span><\/p>\n<p class=\"p1\"><span class=\"s1\">Hladno stiskano konopljino olje vsebuje <b>razmerje<\/b> <b>omega 3<\/b> in <b>omega 6<\/b> ma\u0161\u010dobnih kislin, ki med rastlinskimi olji velja za enega <b>najbolj podobno \u010dlovekovemu<\/b>. Poleg teh vsebuje tudi <b>gama linolensko kislino<\/b> (GLA), ki krepi imunski sistem ter <b>vitamin E<\/b>, ki skrbi za pro\u017enost ko\u017ee.<\/span><\/p>\n<p><img loading=\"lazy\" class=\"\" src=\"https:\/\/lipe.si\/trgovina\/wp-content\/uploads\/2020\/10\/ekobio_2.jpg\" width=\"203\" height=\"99\" \/><\/p>\n","protected":false},"featured_media":331,"comment_status":"open","ping_status":"closed","template":"","meta":[],"product_cat":[45,77],"product_tag":[],"_links":{"self":[{"href":"https:\/\/lipe.si\/trgovina\/wp-json\/wp\/v2\/product\/330"}],"collection":[{"href":"https:\/\/lipe.si\/trgovina\/wp-json\/wp\/v2\/product"}],"about":[{"href":"https:\/\/lipe.si\/trgovina\/wp-json\/wp\/v2\/types\/product"}],"replies":[{"embeddable":true,"href":"https:\/\/lipe.si\/trgovina\/wp-json\/wp\/v2\/comments?post=330"}],"wp:featuredmedia":[{"embeddable":true,"href":"https:\/\/lipe.si\/trgovina\/wp-json\/wp\/v2\/media\/331"}],"wp:attachment":[{"href":"https:\/\/lipe.si\/trgovina\/wp-json\/wp\/v2\/media?parent=330"}],"wp:term":[{"taxonomy":"product_cat","embeddable":true,"href":"https:\/\/lipe.si\/trgovina\/wp-json\/wp\/v2\/product_cat?post=330"},{"taxonomy":"product_tag","embeddable":true,"href":"https:\/\/lipe.si\/trgovina\/wp-json\/wp\/v2\/product_tag?post=330"}],"curies":[{"name":"wp","href":"https:\/\/api.w.org\/{rel}","templated":true}]}}