{"id":336,"date":"2020-10-17T10:07:14","date_gmt":"2020-10-17T10:07:14","guid":{"rendered":"https:\/\/lipe.si\/trgovina\/?post_type=product&#038;p=336"},"modified":"2021-08-30T13:47:26","modified_gmt":"2021-08-30T13:47:26","slug":"sentjanzevo-olje","status":"publish","type":"product","link":"https:\/\/lipe.si\/trgovina\/product\/sentjanzevo-olje\/","title":{"rendered":"\u0160entjan\u017eevo olje"},"content":{"rendered":"<p class=\"p1\"><span class=\"s1\">Za pripravo \u0161entjan\u017eevega olja je v postopku maceracije uporaben le <b>cvet<\/b>, ki daje (zaradi vsebnosti hipericina) \u0161entjan\u017eevemu olju zna\u010dilno <b>rde\u010do barvo<\/b>. <\/span><\/p>\n<p class=\"p1\"><span class=\"s1\">Priporo\u010da se uporaba:<\/span><\/p>\n<ul class=\"ul1\">\n<li class=\"li1\"><span class=\"s1\">po pikih \u017eu\u017eelk, (deluje protivnetno);<\/span><\/li>\n<li class=\"li1\"><span class=\"s1\">za laj\u0161anje hemeroidov;<\/span><\/li>\n<li class=\"li1\"><span class=\"s1\">pri bole\u010dinah v mi\u0161icah in sklepih; <\/span><\/li>\n<li class=\"li1\"><span class=\"s1\">za laj\u0161anje blagih opeklin;<\/span><\/li>\n<li class=\"li1\"><span class=\"s1\">za nego lasnih konjic;<\/span><\/li>\n<li class=\"li1\"><span class=\"s1\">za za\u0161\u010dito ko\u017ee pred izgubo vlage (naredi za\u0161\u010ditni sloj in je odli\u010den po nanosu vla\u017eilne kreme);<\/span><\/li>\n<li class=\"li1\"><span class=\"s1\">po son\u010denju daje ko\u017ei lepo bronasto barvo, ni pa primerno za uporabo med son\u010denjem.<\/span><\/li>\n<\/ul>\n<p class=\"p1\"><span class=\"s1\">Sestavine: Izvle\u010dek \u0161entjan\u017eevke, hladno stiskano olj\u010dno olje<br \/>\n<\/span><span class=\"s1\">Neto koli\u010dina: 100 ml<br \/>\n<\/span><span class=\"s1\">Poreklo: Slovenija<\/span><\/p>\n","protected":false},"excerpt":{"rendered":"<p class=\"p2\"><span class=\"s1\">\u0160entjan\u017eevka (Hypericum perforatum) je rastlina z rumenimi cvetovi iz katerih ob stiskanju med prsti prite\u010de zna\u010dilna <b>rde\u010da teko\u010dina<\/b>. \u017de na\u0161i predniki so jo od julija pa vse do septembra nabirali ob gozdnih obronkih, travnikih in na njivah ter iz nje pripravljali \u010daj ter kopeli <b>proti bole\u010dinam v sklepih<\/b>. Olje slovi po mnogih zdravilnih u\u010dinkovinah in je primerno <b>za zunanjo uporabo<\/b>. Deluje <b>protivnetno<\/b> in blagodejno vpliva <b>zdravje ko\u017ee<\/b> ter <b>lasnih konjic<\/b>.<\/span><\/p>\n","protected":false},"featured_media":337,"comment_status":"open","ping_status":"closed","template":"","meta":[],"product_cat":[86],"product_tag":[],"_links":{"self":[{"href":"https:\/\/lipe.si\/trgovina\/wp-json\/wp\/v2\/product\/336"}],"collection":[{"href":"https:\/\/lipe.si\/trgovina\/wp-json\/wp\/v2\/product"}],"about":[{"href":"https:\/\/lipe.si\/trgovina\/wp-json\/wp\/v2\/types\/product"}],"replies":[{"embeddable":true,"href":"https:\/\/lipe.si\/trgovina\/wp-json\/wp\/v2\/comments?post=336"}],"wp:featuredmedia":[{"embeddable":true,"href":"https:\/\/lipe.si\/trgovina\/wp-json\/wp\/v2\/media\/337"}],"wp:attachment":[{"href":"https:\/\/lipe.si\/trgovina\/wp-json\/wp\/v2\/media?parent=336"}],"wp:term":[{"taxonomy":"product_cat","embeddable":true,"href":"https:\/\/lipe.si\/trgovina\/wp-json\/wp\/v2\/product_cat?post=336"},{"taxonomy":"product_tag","embeddable":true,"href":"https:\/\/lipe.si\/trgovina\/wp-json\/wp\/v2\/product_tag?post=336"}],"curies":[{"name":"wp","href":"https:\/\/api.w.org\/{rel}","templated":true}]}}