{"id":349,"date":"2020-10-17T11:54:30","date_gmt":"2020-10-17T11:54:30","guid":{"rendered":"https:\/\/lipe.si\/trgovina\/?post_type=product&#038;p=349"},"modified":"2021-11-03T09:13:57","modified_gmt":"2021-11-03T09:13:57","slug":"psenicna-gladka-moka-tip-500","status":"publish","type":"product","link":"https:\/\/lipe.si\/trgovina\/product\/psenicna-gladka-moka-tip-500\/","title":{"rendered":"P\u0161eni\u010dna gladka moka tip 500"},"content":{"rendered":"<p class=\"p1\"><span class=\"s1\">Distribucijo EKO proizvodov nadzira SI-EKO-002. Kmetijstvo EU.<\/span><\/p>\n<p class=\"p2\"><span class=\"s1\">Sestavine: 100% P\u0161eni\u010dna moka<br \/>\n<\/span><span class=\"s1\">Neto koli\u010dina: 1 kg<br \/>\n<\/span><span class=\"s1\">Poreklo: Slovensko<\/span><\/p>\n","protected":false},"excerpt":{"rendered":"<p class=\"p1\"><span class=\"s1\">Pridobljena je s tradicionalnim mletjem na kamen, kjer zmeljejo osrednji del p\u0161eni\u010dnih zrn (endosperm) brez ovojnice (otrobov). Ta del zrna sestavljajo predvsem beljakovine in \u0161krob, zaradi \u010desar ima moka izjemne pecilne lastnosti in je vsestransko uporabna.<\/span><\/p>\n<p><img loading=\"lazy\" class=\"\" src=\"https:\/\/lipe.si\/trgovina\/wp-content\/uploads\/2020\/10\/ekobio_2.jpg\" width=\"203\" height=\"99\" \/><\/p>\n","protected":false},"featured_media":345,"comment_status":"open","ping_status":"closed","template":"","meta":[],"product_cat":[45,79],"product_tag":[],"_links":{"self":[{"href":"https:\/\/lipe.si\/trgovina\/wp-json\/wp\/v2\/product\/349"}],"collection":[{"href":"https:\/\/lipe.si\/trgovina\/wp-json\/wp\/v2\/product"}],"about":[{"href":"https:\/\/lipe.si\/trgovina\/wp-json\/wp\/v2\/types\/product"}],"replies":[{"embeddable":true,"href":"https:\/\/lipe.si\/trgovina\/wp-json\/wp\/v2\/comments?post=349"}],"wp:featuredmedia":[{"embeddable":true,"href":"https:\/\/lipe.si\/trgovina\/wp-json\/wp\/v2\/media\/345"}],"wp:attachment":[{"href":"https:\/\/lipe.si\/trgovina\/wp-json\/wp\/v2\/media?parent=349"}],"wp:term":[{"taxonomy":"product_cat","embeddable":true,"href":"https:\/\/lipe.si\/trgovina\/wp-json\/wp\/v2\/product_cat?post=349"},{"taxonomy":"product_tag","embeddable":true,"href":"https:\/\/lipe.si\/trgovina\/wp-json\/wp\/v2\/product_tag?post=349"}],"curies":[{"name":"wp","href":"https:\/\/api.w.org\/{rel}","templated":true}]}}