{"id":439,"date":"2020-11-19T15:38:04","date_gmt":"2020-11-19T15:38:04","guid":{"rendered":"https:\/\/lipe.si\/trgovina\/?post_type=product&#038;p=439"},"modified":"2021-12-09T11:51:06","modified_gmt":"2021-12-09T11:51:06","slug":"darilni-bon","status":"publish","type":"product","link":"https:\/\/lipe.si\/trgovina\/product\/darilni-bon\/","title":{"rendered":"Darilni bon- Lipe"},"content":{"rendered":"","protected":false},"excerpt":{"rendered":"<p>Ne veste kaj bi podarili?<strong> Darilni boni Lipe<\/strong> so odli\u010dno darilo za vse ljubitelje <strong>sonaravnih lokalnih produktov<\/strong>. Vsakemu darilnemu bonu lahko dodate osebno noto <strong>z lastnim vo\u0161\u010dilom<\/strong>.<\/p>\n<p>Izberite darilni bon, dolo\u010dite \u017eeleno vrednost in obliko ter ga dodajte v ko\u0161arico. Nadaljujte na blagajno in v polje &#8220;opombe naro\u010dila&#8221; vpi\u0161ite va\u0161e vo\u0161\u010dilo. V kolikor \u017eelite bon brez vo\u0161\u010dila, lahko to polje pustite prazno.<\/p>\n<p><strong>Se vam mudi?<\/strong> Ni\u010d hudega. Izberite elektronsko obliko bona in darilni bon bo v roku 12 ur od prejetega pla\u010dila na va\u0161em e-mailu. Samo natisnete ga in darilo je pripravljeno.<\/p>\n<p>Darilni bon je unov\u010dljiv 1 leto od nakupa.<\/p>\n","protected":false},"featured_media":440,"comment_status":"open","ping_status":"closed","template":"","meta":[],"product_cat":[84],"product_tag":[],"_links":{"self":[{"href":"https:\/\/lipe.si\/trgovina\/wp-json\/wp\/v2\/product\/439"}],"collection":[{"href":"https:\/\/lipe.si\/trgovina\/wp-json\/wp\/v2\/product"}],"about":[{"href":"https:\/\/lipe.si\/trgovina\/wp-json\/wp\/v2\/types\/product"}],"replies":[{"embeddable":true,"href":"https:\/\/lipe.si\/trgovina\/wp-json\/wp\/v2\/comments?post=439"}],"wp:featuredmedia":[{"embeddable":true,"href":"https:\/\/lipe.si\/trgovina\/wp-json\/wp\/v2\/media\/440"}],"wp:attachment":[{"href":"https:\/\/lipe.si\/trgovina\/wp-json\/wp\/v2\/media?parent=439"}],"wp:term":[{"taxonomy":"product_cat","embeddable":true,"href":"https:\/\/lipe.si\/trgovina\/wp-json\/wp\/v2\/product_cat?post=439"},{"taxonomy":"product_tag","embeddable":true,"href":"https:\/\/lipe.si\/trgovina\/wp-json\/wp\/v2\/product_tag?post=439"}],"curies":[{"name":"wp","href":"https:\/\/api.w.org\/{rel}","templated":true}]}}