{"id":605,"date":"2020-12-21T22:52:37","date_gmt":"2020-12-21T22:52:37","guid":{"rendered":"https:\/\/lipe.si\/trgovina\/?post_type=product&#038;p=605"},"modified":"2021-11-03T09:10:38","modified_gmt":"2021-11-03T09:10:38","slug":"domace-zganje-250-ml","status":"publish","type":"product","link":"https:\/\/lipe.si\/trgovina\/product\/domace-zganje-250-ml\/","title":{"rendered":"Doma\u010de \u017eganje 250 ml"},"content":{"rendered":"","protected":false},"excerpt":{"rendered":"<p>Doma\u010de \u017eganje s sliv, hru\u0161k ali kutine.<\/p>\n<p>&nbsp;<\/p>\n<p>alko. 48% vol.<\/p>\n<p>Poreklo: Slovensko<\/p>\n<p>Minister za zdravje opozarja: Prekomerno pitje alkohola \u0161koduje zdravju!<\/p>\n","protected":false},"featured_media":600,"comment_status":"open","ping_status":"closed","template":"","meta":[],"product_cat":[45,110],"product_tag":[],"_links":{"self":[{"href":"https:\/\/lipe.si\/trgovina\/wp-json\/wp\/v2\/product\/605"}],"collection":[{"href":"https:\/\/lipe.si\/trgovina\/wp-json\/wp\/v2\/product"}],"about":[{"href":"https:\/\/lipe.si\/trgovina\/wp-json\/wp\/v2\/types\/product"}],"replies":[{"embeddable":true,"href":"https:\/\/lipe.si\/trgovina\/wp-json\/wp\/v2\/comments?post=605"}],"wp:featuredmedia":[{"embeddable":true,"href":"https:\/\/lipe.si\/trgovina\/wp-json\/wp\/v2\/media\/600"}],"wp:attachment":[{"href":"https:\/\/lipe.si\/trgovina\/wp-json\/wp\/v2\/media?parent=605"}],"wp:term":[{"taxonomy":"product_cat","embeddable":true,"href":"https:\/\/lipe.si\/trgovina\/wp-json\/wp\/v2\/product_cat?post=605"},{"taxonomy":"product_tag","embeddable":true,"href":"https:\/\/lipe.si\/trgovina\/wp-json\/wp\/v2\/product_tag?post=605"}],"curies":[{"name":"wp","href":"https:\/\/api.w.org\/{rel}","templated":true}]}}